{"id":649,"date":"2024-01-25T19:05:45","date_gmt":"2024-01-25T18:05:45","guid":{"rendered":"https:\/\/bocetoweb3.com\/ricasway\/empanadas-copy\/"},"modified":"2024-03-29T10:40:03","modified_gmt":"2024-03-29T09:40:03","slug":"history","status":"publish","type":"page","link":"https:\/\/ricasway.com\/es\/history\/","title":{"rendered":"Historia"},"content":{"rendered":"<div data-elementor-type=\"wp-page\" data-elementor-id=\"649\" class=\"elementor elementor-649\" data-elementor-post-type=\"page\">\n\t\t\t\t<div data-particle_enable=\"false\" data-particle-mobile-disabled=\"false\" class=\"elementor-element elementor-element-3c8f5af e-flex e-con-boxed e-con e-parent\" data-id=\"3c8f5af\" data-element_type=\"container\" data-e-type=\"container\" data-settings=\"{&quot;background_background&quot;:&quot;classic&quot;}\">\n\t\t\t\t\t<div class=\"e-con-inner\">\n\t\t<div data-particle_enable=\"false\" data-particle-mobile-disabled=\"false\" class=\"elementor-element elementor-element-0859f41 e-flex e-con-boxed e-con e-child\" data-id=\"0859f41\" data-element_type=\"container\" data-e-type=\"container\">\n\t\t\t\t\t<div class=\"e-con-inner\">\n\t\t\t\t<div class=\"elementor-element elementor-element-30365a8 elementor-widget elementor-widget-heading\" data-id=\"30365a8\" data-element_type=\"widget\" data-e-type=\"widget\" data-widget_type=\"heading.default\">\n\t\t\t\t<div class=\"elementor-widget-container\">\n\t\t\t\t\t<h3 class=\"elementor-heading-title elementor-size-default\">Historia<\/h3>\t\t\t\t<\/div>\n\t\t\t\t<\/div>\n\t\t\t\t<div class=\"elementor-element elementor-element-c3e142a elementor-widget elementor-widget-heading\" data-id=\"c3e142a\" data-element_type=\"widget\" data-e-type=\"widget\" data-widget_type=\"heading.default\">\n\t\t\t\t<div class=\"elementor-widget-container\">\n\t\t\t\t\t<p class=\"elementor-heading-title elementor-size-default\">M\u00e1s de 30 a\u00f1os de\nexcelencia en pasteler\u00eda<\/p>\t\t\t\t<\/div>\n\t\t\t\t<\/div>\n\t\t\t\t\t<\/div>\n\t\t\t\t<\/div>\n\t\t\t\t\t<\/div>\n\t\t\t\t<\/div>\n\t\t<div data-particle_enable=\"false\" data-particle-mobile-disabled=\"false\" class=\"elementor-element elementor-element-712e796 e-flex e-con-boxed e-con e-parent\" data-id=\"712e796\" data-element_type=\"container\" data-e-type=\"container\" data-settings=\"{&quot;background_background&quot;:&quot;classic&quot;}\">\n\t\t\t\t\t<div class=\"e-con-inner\">\n\t\t<div data-particle_enable=\"false\" data-particle-mobile-disabled=\"false\" class=\"elementor-element elementor-element-3970c20 e-flex e-con-boxed e-con e-child\" data-id=\"3970c20\" data-element_type=\"container\" data-e-type=\"container\">\n\t\t\t\t\t<div class=\"e-con-inner\">\n\t\t\t\t<div class=\"elementor-element elementor-element-d562b78 elementor-widget elementor-widget-timeline-widget-addon\" data-id=\"d562b78\" data-element_type=\"widget\" data-e-type=\"widget\" data-widget_type=\"timeline-widget-addon.default\">\n\t\t\t\t<div class=\"elementor-widget-container\">\n\t\t\t\t\t<!-- ========= Timeline Widget Addon For Elementor 1.6.21 ========= -->\n<div id=\"twae-wrapper-d562b78\" class=\"twae-vertical twae-wrapper  twae-both-sided\">   \n    <div class=\"twae-start\"><\/div>    \n    <div id=\"twea-timeline-d562b78\" class=\"twae-timeline\" ><!-- Start of Story Repeater Content --><div id=\"story-cb56ad8\" class=\"twae-story twae-repeater-item twae-story-right twae-story-no-icon\"><!-- Story Label --><div class=\"twae-labels\"><div class=\"twae-label-big\">1982<\/div><div class=\"twae-label-small\">Introduced<\/div><\/div><!-- Story Icon --><div class=\"twae-icon\"><i aria-hidden=\"true\" class=\"far fa-clock\"><\/i><\/div><!-- Story Arrow --><div class=\"twae-arrow\"><\/div><!-- Start of Story Content --><div class=\"twae-content\"><!-- Story Title --><div class=\"twae-title\">1982<\/div><!-- Story Image --><div class=\"twae-media large\"><img fetchpriority=\"high\" decoding=\"async\" width=\"570\" height=\"370\" src=\"https:\/\/ricasway.com\/wp-content\/uploads\/2024\/02\/Foto-Inicio-Bageland.jpg\" class=\"attachment-large size-large\" alt=\"\" srcset=\"https:\/\/ricasway.com\/wp-content\/uploads\/2024\/02\/Foto-Inicio-Bageland.jpg 570w, https:\/\/ricasway.com\/wp-content\/uploads\/2024\/02\/Foto-Inicio-Bageland-300x195.jpg 300w\" sizes=\"(max-width: 570px) 100vw, 570px\" \/><\/div><!-- Story Description --><div class=\"twae-description\">Bageland comenz\u00f3 en 1982 y, en 1989, uno de los socios adquiri\u00f3 la marca Bageland bajo Opelle LLC. Al principio, Bageland se centr\u00f3 en producir el bagel de 4 onzas, pero con los a\u00f1os ampli\u00f3 su oferta con diversas f\u00f3rmulas.<br \/><br \/>\nEn el a\u00f1o 2000, Bageland hab\u00eda aumentado su producci\u00f3n a 2.000 kilos diarios. En la actualidad, nuestra capacidad de producci\u00f3n se ha disparado a la impresionante cifra de 20.000 libras diarias, lo que refleja nuestro compromiso con el crecimiento y la excelencia en la elaboraci\u00f3n de bagels de alta calidad.\n<\/div><\/div><\/div><!-- Start of Story Repeater Content --><div id=\"story-0a62742\" class=\"twae-story twae-repeater-item twae-story-left twae-story-no-icon\"><!-- Story Label --><div class=\"twae-labels\"><div class=\"twae-label-big\">1990<\/div><div class=\"twae-label-small\">Introduced<\/div><\/div><!-- Story Icon --><div class=\"twae-icon\"><i aria-hidden=\"true\" class=\"far fa-clock\"><\/i><\/div><!-- Story Arrow --><div class=\"twae-arrow\"><\/div><!-- Start of Story Content --><div class=\"twae-content\"><!-- Story Title --><div class=\"twae-title\">1990<\/div><!-- Story Image --><div class=\"twae-media large\"><img decoding=\"async\" width=\"569\" height=\"372\" src=\"https:\/\/ricasway.com\/wp-content\/uploads\/2024\/02\/Foto-Inicio-Ricas.png\" class=\"attachment-large size-large\" alt=\"\" srcset=\"https:\/\/ricasway.com\/wp-content\/uploads\/2024\/02\/Foto-Inicio-Ricas.png 569w, https:\/\/ricasway.com\/wp-content\/uploads\/2024\/02\/Foto-Inicio-Ricas-300x196.png 300w\" sizes=\"(max-width: 569px) 100vw, 569px\" \/><\/div><!-- Story Description --><div class=\"twae-description\">Nuestra historia comienza con la fundaci\u00f3n de una panader\u00eda artesanal en Miami por parte de la familia Del R\u00edo. Procedente de Panam\u00e1, la familia Del R\u00edo bautiz\u00f3 la empresa como \"Panapastry\". En poco tiempo, nuestra dedicaci\u00f3n a la calidad nos vali\u00f3 el t\u00edtulo de \"la mejor panader\u00eda del barrio\".<\/div><\/div><\/div><!-- Start of Story Repeater Content --><div id=\"story-06e7503\" class=\"twae-story twae-repeater-item twae-story-right twae-story-no-icon\"><!-- Story Label --><div class=\"twae-labels\"><div class=\"twae-label-big\">2007<\/div><div class=\"twae-label-small\">Expanded<\/div><\/div><!-- Story Icon --><div class=\"twae-icon\"><i aria-hidden=\"true\" class=\"far fa-clock\"><\/i><\/div><!-- Story Arrow --><div class=\"twae-arrow\"><\/div><!-- Start of Story Content --><div class=\"twae-content\"><!-- Story Title --><div class=\"twae-title\">2007<\/div><!-- Story Image --><div class=\"twae-media large\"><img decoding=\"async\" width=\"569\" height=\"372\" src=\"https:\/\/ricasway.com\/wp-content\/uploads\/2024\/01\/2007.jpg\" class=\"attachment-large size-large\" alt=\"\" srcset=\"https:\/\/ricasway.com\/wp-content\/uploads\/2024\/01\/2007.jpg 569w, https:\/\/ricasway.com\/wp-content\/uploads\/2024\/01\/2007-300x196.jpg 300w\" sizes=\"(max-width: 569px) 100vw, 569px\" \/><\/div><!-- Story Description --><div class=\"twae-description\">Siempre hemos trabajado pensando en las necesidades de nuestros clientes, lo que nos llev\u00f3 a tomar la decisi\u00f3n de convertirnos en una panader\u00eda especializada en productos congelados, incluyendo la incorporaci\u00f3n de empanadas a nuestra cartera de productos.\n<h5 style=\"color: #d71f16;font-weight: 900\">\u00bfSab\u00edas que...?<\/h5>\nEl origen de las empanadas se remonta a la antigua Mesopotamia, por lo que son casi tan antiguas como el propio pan. Fueron introducidas en Europa por los \u00e1rabes, que las llevaban en sus alforjas. Las empanadas se consideraban un tentempi\u00e9 pr\u00e1ctico, ya que pod\u00edan cocinarse y conservarse durante varios d\u00edas. Fueron los espa\u00f1oles quienes llevaron las empanadas a Am\u00e9rica, donde surgieron nuevas variantes de preparaci\u00f3n. Entre ellos, los argentinos desempe\u00f1aron un papel fundamental al elevar las empanadas a s\u00edmbolo de su cultura culinaria, convirti\u00e9ndolas en un plato muy apreciado, s\u00f3lo superado por el tradicional asado.<\/div><\/div><\/div><!-- Start of Story Repeater Content --><div id=\"story-513f561\" class=\"twae-story twae-repeater-item twae-story-left twae-story-no-icon\"><!-- Story Label --><div class=\"twae-labels\"><div class=\"twae-label-big\">2015<\/div><div class=\"twae-label-small\">Expanded<\/div><\/div><!-- Story Icon --><div class=\"twae-icon\"><i aria-hidden=\"true\" class=\"far fa-clock\"><\/i><\/div><!-- Story Arrow --><div class=\"twae-arrow\"><\/div><!-- Start of Story Content --><div class=\"twae-content\"><!-- Story Title --><div class=\"twae-title\">2015<\/div><!-- Story Image --><div class=\"twae-media large\"><img loading=\"lazy\" decoding=\"async\" width=\"569\" height=\"372\" src=\"https:\/\/ricasway.com\/wp-content\/uploads\/2024\/01\/2015.jpg\" class=\"attachment-large size-large\" alt=\"\" srcset=\"https:\/\/ricasway.com\/wp-content\/uploads\/2024\/01\/2015.jpg 569w, https:\/\/ricasway.com\/wp-content\/uploads\/2024\/01\/2015-300x196.jpg 300w\" sizes=\"(max-width: 569px) 100vw, 569px\" \/><\/div><!-- Story Description --><div class=\"twae-description\">No hemos dejado de evolucionar, introduciendo mejoras e innovaciones en nuestro proceso de producci\u00f3n para garantizar la calidad de nuestros productos, al tiempo que seguimos ampliando nuestra cartera de productos para incluir el teque\u00f1o, una exquisitez tradicional venezolana.\n<h5 style=\"color: #d71f16;font-weight: 900\">\u00bfSab\u00edas que...?<\/h5>\n\u00bfSe ha preguntado alguna vez cu\u00e1l es el origen de los teque\u00f1os? Cuenta la leyenda que, a finales del siglo XIV, un cocinero de la ciudad de Los Teques (conocida como destino de escapadas en Venezuela) cre\u00f3 un bocadillo de forma cil\u00edndrica con restos de masa de las tortas t\u00edpicas de la zona, relleno de queso blanco. Su popularidad se extendi\u00f3 r\u00e1pidamente, llegando hasta la capital, Caracas. Hoy, los teque\u00f1os son un cl\u00e1sico muy querido en diversas celebraciones y reuniones.<\/div><\/div><\/div><!-- Start of Story Repeater Content --><div id=\"story-2a32f50\" class=\"twae-story twae-repeater-item twae-story-right twae-story-no-icon\"><!-- Story Label --><div class=\"twae-labels\"><div class=\"twae-label-big\">2022<\/div><div class=\"twae-label-small\">Expanded<\/div><\/div><!-- Story Icon --><div class=\"twae-icon\"><i aria-hidden=\"true\" class=\"far fa-clock\"><\/i><\/div><!-- Story Arrow --><div class=\"twae-arrow\"><\/div><!-- Start of Story Content --><div class=\"twae-content\"><!-- Story Title --><div class=\"twae-title\">2022<\/div><!-- Story Image --><div class=\"twae-media large\"><img loading=\"lazy\" decoding=\"async\" width=\"569\" height=\"372\" src=\"https:\/\/ricasway.com\/wp-content\/uploads\/2024\/01\/2022.jpg\" class=\"attachment-large size-large\" alt=\"\" srcset=\"https:\/\/ricasway.com\/wp-content\/uploads\/2024\/01\/2022.jpg 569w, https:\/\/ricasway.com\/wp-content\/uploads\/2024\/01\/2022-300x196.jpg 300w\" sizes=\"(max-width: 569px) 100vw, 569px\" \/><\/div><!-- Story Description --><div class=\"twae-description\">La empresa es adquirida por empresarios argentinos especializados en alimentaci\u00f3n, que asumen con entusiasmo nuevos retos de crecimiento. Con una clara visi\u00f3n estrat\u00e9gica del mercado y un compromiso inquebrantable con la satisfacci\u00f3n del cliente y del consumidor, emprenden este viaje con determinaci\u00f3n. Bajo su propiedad, nace la marca \"Rica's Way\", reflejo de su dedicaci\u00f3n a la excelencia y la innovaci\u00f3n.<\/div><\/div><\/div><!-- Start of Story Repeater Content --><div id=\"story-b0fd155\" class=\"twae-story twae-repeater-item twae-story-left twae-story-no-icon\"><!-- Story Label --><div class=\"twae-labels\"><div class=\"twae-label-big\">2024<\/div><div class=\"twae-label-small\">Expanded<\/div><\/div><!-- Story Icon --><div class=\"twae-icon\"><i aria-hidden=\"true\" class=\"far fa-clock\"><\/i><\/div><!-- Story Arrow --><div class=\"twae-arrow\"><\/div><!-- Start of Story Content --><div class=\"twae-content\"><!-- Story Title --><div class=\"twae-title\">2024<\/div><!-- Story Image --><div class=\"twae-media large\"><img loading=\"lazy\" decoding=\"async\" width=\"569\" height=\"372\" src=\"https:\/\/ricasway.com\/wp-content\/uploads\/2024\/01\/2024.jpg\" class=\"attachment-large size-large\" alt=\"\" srcset=\"https:\/\/ricasway.com\/wp-content\/uploads\/2024\/01\/2024.jpg 569w, https:\/\/ricasway.com\/wp-content\/uploads\/2024\/01\/2024-300x196.jpg 300w\" sizes=\"(max-width: 569px) 100vw, 569px\" \/><\/div><!-- Story Description --><div class=\"twae-description\">En 2024, nuestra empresa adquiri\u00f3 O'Pelle Enterprises, integrando a la perfecci\u00f3n su diversa cartera de productos y su experiencia en nuestra ya pr\u00f3spera l\u00ednea de productos de \u00e9xito. Con 30 a\u00f1os de historia en Estados Unidos, O'Pelle Enterprises se especializa en la producci\u00f3n de bagels congelados, bajo la marca Bageland, panecillos y panes.<\/div><\/div><\/div><!-- Start of Story Repeater Content --><div id=\"story-fb51e59\" class=\"twae-story twae-repeater-item twae-story-right twae-story-no-icon\"><!-- Story Label --><div class=\"twae-labels\"><div class=\"twae-label-small\">Expanded<\/div><\/div><!-- Story Icon --><div class=\"twae-icon\"><i aria-hidden=\"true\" class=\"far fa-clock\"><\/i><\/div><!-- Story Arrow --><div class=\"twae-arrow\"><\/div><!-- Start of Story Content --><div class=\"twae-content\"><!-- Story Title --><div class=\"twae-title\">Work<\/div><!-- Story Description --><div class=\"twae-description\"><h5><span style=\"font-size: 150%;color: #d71f16;font-weight: 900\">Trabaja con nosotros<\/span>\ny forma parte de nuestra historia\n\n<span style=\"font-size: 120%;color: #d71f16;font-weight: 900\"><a href=\"https:\/\/ricasway.com\/es\/contact\/\">M\u00e1s informaci\u00f3n<\/a><\/span><\/h5><\/div><\/div><\/div><\/div>\n    <div class=\"twae-end\"><\/div>\n    <\/div><style type=\"text\/css\">@media (max-width: 1024px){ .twae-wrapper{--tw-ybx-size: 80px !important;}}@media (max-width: 767px){ .twae-wrapper{--tw-ybx-size: 80px !important}}<\/style>\t\t\t\t<\/div>\n\t\t\t\t<\/div>\n\t\t\t\t\t<\/div>\n\t\t\t\t<\/div>\n\t\t\t\t\t<\/div>\n\t\t\t\t<\/div>\n\t\t\t\t<\/div>","protected":false},"excerpt":{"rendered":"<p>History More than 30 years of excellence in pastries 1982Introduced1982Bageland&#8217;s journey began in 1982, and in 1989, one of the partners acquired the Bageland brand under Opelle LLC. Initially, Bageland focused on producing the 4oz bagel, but over the years, it expanded its offerings with various formulas. By 2000, Bageland had increased its production to [&hellip;]<\/p>\n","protected":false},"author":1,"featured_media":0,"parent":0,"menu_order":0,"comment_status":"closed","ping_status":"closed","template":"","meta":{"footnotes":""},"class_list":["post-649","page","type-page","status-publish","hentry"],"_links":{"self":[{"href":"https:\/\/ricasway.com\/es\/wp-json\/wp\/v2\/pages\/649","targetHints":{"allow":["GET"]}}],"collection":[{"href":"https:\/\/ricasway.com\/es\/wp-json\/wp\/v2\/pages"}],"about":[{"href":"https:\/\/ricasway.com\/es\/wp-json\/wp\/v2\/types\/page"}],"author":[{"embeddable":true,"href":"https:\/\/ricasway.com\/es\/wp-json\/wp\/v2\/users\/1"}],"replies":[{"embeddable":true,"href":"https:\/\/ricasway.com\/es\/wp-json\/wp\/v2\/comments?post=649"}],"version-history":[{"count":112,"href":"https:\/\/ricasway.com\/es\/wp-json\/wp\/v2\/pages\/649\/revisions"}],"predecessor-version":[{"id":2585,"href":"https:\/\/ricasway.com\/es\/wp-json\/wp\/v2\/pages\/649\/revisions\/2585"}],"wp:attachment":[{"href":"https:\/\/ricasway.com\/es\/wp-json\/wp\/v2\/media?parent=649"}],"curies":[{"name":"wp","href":"https:\/\/api.w.org\/{rel}","templated":true}]}}