{"id":1256,"date":"2024-02-26T14:00:38","date_gmt":"2024-02-26T13:00:38","guid":{"rendered":"https:\/\/bocetoweb3.com\/ricasway\/us-copy\/"},"modified":"2024-03-29T10:40:50","modified_gmt":"2024-03-29T09:40:50","slug":"business-model","status":"publish","type":"page","link":"https:\/\/ricasway.com\/es\/business-model\/","title":{"rendered":"Business Model"},"content":{"rendered":"<div data-elementor-type=\"wp-page\" data-elementor-id=\"1256\" class=\"elementor elementor-1256\" data-elementor-post-type=\"page\">\n\t\t\t\t<div data-particle_enable=\"false\" data-particle-mobile-disabled=\"false\" class=\"elementor-element elementor-element-98440cd e-flex e-con-boxed e-con e-parent\" data-id=\"98440cd\" data-element_type=\"container\" data-e-type=\"container\" data-settings=\"{&quot;background_background&quot;:&quot;classic&quot;}\">\n\t\t\t\t\t<div class=\"e-con-inner\">\n\t\t<div data-particle_enable=\"false\" data-particle-mobile-disabled=\"false\" class=\"elementor-element elementor-element-aabe4ee e-con-full e-flex e-con e-child\" data-id=\"aabe4ee\" data-element_type=\"container\" data-e-type=\"container\">\n\t\t\t\t<\/div>\n\t\t<div data-particle_enable=\"false\" data-particle-mobile-disabled=\"false\" class=\"elementor-element elementor-element-8488076 e-con-full e-flex e-con e-child\" data-id=\"8488076\" data-element_type=\"container\" data-e-type=\"container\">\n\t\t\t\t<div class=\"elementor-element elementor-element-5dee8ee elementor-widget elementor-widget-heading\" data-id=\"5dee8ee\" data-element_type=\"widget\" data-e-type=\"widget\" data-widget_type=\"heading.default\">\n\t\t\t\t<div class=\"elementor-widget-container\">\n\t\t\t\t\t<h3 class=\"elementor-heading-title elementor-size-default\">Enfoque empresarial<\/h3>\t\t\t\t<\/div>\n\t\t\t\t<\/div>\n\t\t\t\t<div class=\"elementor-element elementor-element-66dd337 elementor-widget elementor-widget-heading\" data-id=\"66dd337\" data-element_type=\"widget\" data-e-type=\"widget\" data-widget_type=\"heading.default\">\n\t\t\t\t<div class=\"elementor-widget-container\">\n\t\t\t\t\t<p class=\"elementor-heading-title elementor-size-default\">Nuestro modelo de negocio gira en torno al fomento de relaciones duraderas con nuestros clientes. Para nosotros es imprescindible no solo escuchar tus necesidades, sino tambi\u00e9n superar tus expectativas.<br \/>\nNuestra capacidad de adaptaci\u00f3n como fabricantes nos permite adaptar productos, sabores y formatos a los requisitos y especificaciones comerciales exclusivos de nuestros clientes. Si necesitas personalizar tu producto, cuenta con nosotros: nuestra especialidad es satisfacer esas necesidades.\n<\/p>\t\t\t\t<\/div>\n\t\t\t\t<\/div>\n\t\t\t\t<div class=\"elementor-element elementor-element-5f141fe elementor-align-left elementor-widget elementor-widget-button\" data-id=\"5f141fe\" data-element_type=\"widget\" data-e-type=\"widget\" data-widget_type=\"button.default\">\n\t\t\t\t<div class=\"elementor-widget-container\">\n\t\t\t\t\t\t\t\t\t<div class=\"elementor-button-wrapper\">\n\t\t\t\t\t<a class=\"elementor-button elementor-button-link elementor-size-sm\" href=\"https:\/\/ricasway.com\/es\/contact\/\">\n\t\t\t\t\t\t<span class=\"elementor-button-content-wrapper\">\n\t\t\t\t\t\t\t\t\t<span class=\"elementor-button-text\">Trabaja con nosotros<\/span>\n\t\t\t\t\t<\/span>\n\t\t\t\t\t<\/a>\n\t\t\t\t<\/div>\n\t\t\t\t\t\t\t\t<\/div>\n\t\t\t\t<\/div>\n\t\t\t\t<div class=\"elementor-element elementor-element-154bd98 elementor-widget elementor-widget-image\" data-id=\"154bd98\" data-element_type=\"widget\" data-e-type=\"widget\" data-widget_type=\"image.default\">\n\t\t\t\t<div class=\"elementor-widget-container\">\n\t\t\t\t\t\t\t\t\t\t\t\t\t\t\t<img fetchpriority=\"high\" decoding=\"async\" width=\"1000\" height=\"797\" src=\"https:\/\/ricasway.com\/wp-content\/uploads\/2024\/01\/logo-ricas-texto.png\" class=\"attachment-full size-full wp-image-282\" alt=\"Logo Ricas Way\" srcset=\"https:\/\/ricasway.com\/wp-content\/uploads\/2024\/01\/logo-ricas-texto.png 1000w, https:\/\/ricasway.com\/wp-content\/uploads\/2024\/01\/logo-ricas-texto-300x239.png 300w, https:\/\/ricasway.com\/wp-content\/uploads\/2024\/01\/logo-ricas-texto-768x612.png 768w\" sizes=\"(max-width: 1000px) 100vw, 1000px\" \/>\t\t\t\t\t\t\t\t\t\t\t\t\t\t\t<\/div>\n\t\t\t\t<\/div>\n\t\t\t\t<\/div>\n\t\t\t\t\t<\/div>\n\t\t\t\t<\/div>\n\t\t<div data-particle_enable=\"false\" data-particle-mobile-disabled=\"false\" class=\"elementor-element elementor-element-16f3067 e-flex e-con-boxed e-con e-parent\" data-id=\"16f3067\" data-element_type=\"container\" data-e-type=\"container\" data-settings=\"{&quot;background_background&quot;:&quot;classic&quot;}\">\n\t\t\t\t\t<div class=\"e-con-inner\">\n\t\t<div data-particle_enable=\"false\" data-particle-mobile-disabled=\"false\" class=\"elementor-element elementor-element-3058f63 e-flex e-con-boxed e-con e-child\" data-id=\"3058f63\" data-element_type=\"container\" data-e-type=\"container\">\n\t\t\t\t\t<div class=\"e-con-inner\">\n\t\t\t\t<div class=\"elementor-element elementor-element-b13d04f elementor-widget elementor-widget-heading\" data-id=\"b13d04f\" data-element_type=\"widget\" data-e-type=\"widget\" data-widget_type=\"heading.default\">\n\t\t\t\t<div class=\"elementor-widget-container\">\n\t\t\t\t\t<p class=\"elementor-heading-title elementor-size-default\">Nuestro enfoque<\/p>\t\t\t\t<\/div>\n\t\t\t\t<\/div>\n\t\t\t\t<div class=\"elementor-element elementor-element-2b287d3 elementor-widget elementor-widget-heading\" data-id=\"2b287d3\" data-element_type=\"widget\" data-e-type=\"widget\" data-widget_type=\"heading.default\">\n\t\t\t\t<div class=\"elementor-widget-container\">\n\t\t\t\t\t<p class=\"elementor-heading-title elementor-size-default\">Damos la m\u00e1xima importancia a garantizar la m\u00e1xima calidad de nuestros productos, la excelencia operativa y la innovaci\u00f3n.<\/p>\t\t\t\t<\/div>\n\t\t\t\t<\/div>\n\t\t\t\t\t<\/div>\n\t\t\t\t<\/div>\n\t\t<div data-particle_enable=\"false\" data-particle-mobile-disabled=\"false\" class=\"elementor-element elementor-element-2c8c1aa e-flex e-con-boxed e-con e-child\" data-id=\"2c8c1aa\" data-element_type=\"container\" data-e-type=\"container\">\n\t\t\t\t\t<div class=\"e-con-inner\">\n\t\t\t\t<div class=\"elementor-element elementor-element-50b5791 elementor-widget elementor-widget-heading\" data-id=\"50b5791\" data-element_type=\"widget\" data-e-type=\"widget\" data-widget_type=\"heading.default\">\n\t\t\t\t<div class=\"elementor-widget-container\">\n\t\t\t\t\t<p class=\"elementor-heading-title elementor-size-default\">Misi\u00f3n<\/p>\t\t\t\t<\/div>\n\t\t\t\t<\/div>\n\t\t\t\t<div class=\"elementor-element elementor-element-cb2f5f6 elementor-widget elementor-widget-heading\" data-id=\"cb2f5f6\" data-element_type=\"widget\" data-e-type=\"widget\" data-widget_type=\"heading.default\">\n\t\t\t\t<div class=\"elementor-widget-container\">\n\t\t\t\t\t<p class=\"elementor-heading-title elementor-size-default\">Nuestra misi\u00f3n es ser reconocidos como artesanos apasionados dedicados a elaborar pasteles, empanadas y panes excepcionales. Colaboramos estrechamente con nuestros clientes y proveedores para desarrollar productos de alta calidad que satisfagan sistem\u00e1ticamente las necesidades de los consumidores.<\/p>\t\t\t\t<\/div>\n\t\t\t\t<\/div>\n\t\t\t\t<div class=\"elementor-element elementor-element-3b6266f elementor-widget elementor-widget-heading\" data-id=\"3b6266f\" data-element_type=\"widget\" data-e-type=\"widget\" data-widget_type=\"heading.default\">\n\t\t\t\t<div class=\"elementor-widget-container\">\n\t\t\t\t\t<p class=\"elementor-heading-title elementor-size-default\">\n\nVisi\u00f3n\n<\/p>\t\t\t\t<\/div>\n\t\t\t\t<\/div>\n\t\t\t\t<div class=\"elementor-element elementor-element-193bb57 elementor-widget elementor-widget-heading\" data-id=\"193bb57\" data-element_type=\"widget\" data-e-type=\"widget\" data-widget_type=\"heading.default\">\n\t\t\t\t<div class=\"elementor-widget-container\">\n\t\t\t\t\t<p class=\"elementor-heading-title elementor-size-default\">Aspiramos a ampliar nuestro alcance a nuevos clientes y consumidores, mostrando la excelencia de nuestros productos. Aspiramos a mejorar nuestras l\u00edneas de producci\u00f3n conservando nuestra esencia artesana y nuestro car\u00e1cter de empresa familiar.<\/p>\t\t\t\t<\/div>\n\t\t\t\t<\/div>\n\t\t\t\t\t<\/div>\n\t\t\t\t<\/div>\n\t\t\t\t\t<\/div>\n\t\t\t\t<\/div>\n\t\t<div data-particle_enable=\"false\" data-particle-mobile-disabled=\"false\" class=\"elementor-element elementor-element-bd0a158 e-flex e-con-boxed e-con e-parent\" data-id=\"bd0a158\" data-element_type=\"container\" data-e-type=\"container\" data-settings=\"{&quot;background_background&quot;:&quot;classic&quot;}\">\n\t\t\t\t\t<div class=\"e-con-inner\">\n\t\t<div data-particle_enable=\"false\" data-particle-mobile-disabled=\"false\" class=\"elementor-element elementor-element-e1d87e3 e-con-full e-flex e-con e-child\" data-id=\"e1d87e3\" data-element_type=\"container\" data-e-type=\"container\">\n\t\t\t\t<div class=\"elementor-element elementor-element-a2e3406 elementor-widget elementor-widget-heading\" data-id=\"a2e3406\" data-element_type=\"widget\" data-e-type=\"widget\" data-widget_type=\"heading.default\">\n\t\t\t\t<div class=\"elementor-widget-container\">\n\t\t\t\t\t<h3 class=\"elementor-heading-title elementor-size-default\">Nuestros valores<\/h3>\t\t\t\t<\/div>\n\t\t\t\t<\/div>\n\t\t\t\t<\/div>\n\t\t\t\t\t<\/div>\n\t\t\t\t<\/div>\n\t\t<div data-particle_enable=\"false\" data-particle-mobile-disabled=\"false\" class=\"elementor-element elementor-element-0310037 e-flex e-con-boxed e-con e-parent\" data-id=\"0310037\" data-element_type=\"container\" data-e-type=\"container\" data-settings=\"{&quot;background_background&quot;:&quot;classic&quot;}\">\n\t\t\t\t\t<div class=\"e-con-inner\">\n\t\t<div data-particle_enable=\"false\" data-particle-mobile-disabled=\"false\" class=\"elementor-element elementor-element-d76a166 e-con-full e-flex e-con e-child\" data-id=\"d76a166\" data-element_type=\"container\" data-e-type=\"container\">\n\t\t\t\t<div class=\"elementor-element elementor-element-75599cb elementor-widget elementor-widget-image\" data-id=\"75599cb\" data-element_type=\"widget\" data-e-type=\"widget\" data-widget_type=\"image.default\">\n\t\t\t\t<div class=\"elementor-widget-container\">\n\t\t\t\t\t\t\t\t\t\t\t\t\t\t\t<img decoding=\"async\" width=\"500\" height=\"500\" src=\"https:\/\/ricasway.com\/wp-content\/uploads\/2024\/02\/icono-teamwork.png\" class=\"attachment-full size-full wp-image-1278\" alt=\"\" srcset=\"https:\/\/ricasway.com\/wp-content\/uploads\/2024\/02\/icono-teamwork.png 500w, https:\/\/ricasway.com\/wp-content\/uploads\/2024\/02\/icono-teamwork-300x300.png 300w, https:\/\/ricasway.com\/wp-content\/uploads\/2024\/02\/icono-teamwork-150x150.png 150w\" sizes=\"(max-width: 500px) 100vw, 500px\" \/>\t\t\t\t\t\t\t\t\t\t\t\t\t\t\t<\/div>\n\t\t\t\t<\/div>\n\t\t\t\t<div class=\"elementor-element elementor-element-cb3b7ec elementor-widget elementor-widget-heading\" data-id=\"cb3b7ec\" data-element_type=\"widget\" data-e-type=\"widget\" data-widget_type=\"heading.default\">\n\t\t\t\t<div class=\"elementor-widget-container\">\n\t\t\t\t\t<h3 class=\"elementor-heading-title elementor-size-default\">Trabajo en equipo<\/h3>\t\t\t\t<\/div>\n\t\t\t\t<\/div>\n\t\t\t\t<div class=\"elementor-element elementor-element-489c2b8 elementor-widget elementor-widget-heading\" data-id=\"489c2b8\" data-element_type=\"widget\" data-e-type=\"widget\" data-widget_type=\"heading.default\">\n\t\t\t\t<div class=\"elementor-widget-container\">\n\t\t\t\t\t<p class=\"elementor-heading-title elementor-size-default\">Es nuestra forma de estar unidos. Todos caminamos en la misma direcci\u00f3n, compartiendo objetivos y generando sinergias.<\/p>\t\t\t\t<\/div>\n\t\t\t\t<\/div>\n\t\t\t\t<\/div>\n\t\t<div data-particle_enable=\"false\" data-particle-mobile-disabled=\"false\" class=\"elementor-element elementor-element-75aedf2 e-con-full e-flex e-con e-child\" data-id=\"75aedf2\" data-element_type=\"container\" data-e-type=\"container\">\n\t\t\t\t<div class=\"elementor-element elementor-element-1d6da29 elementor-widget elementor-widget-image\" data-id=\"1d6da29\" data-element_type=\"widget\" data-e-type=\"widget\" data-widget_type=\"image.default\">\n\t\t\t\t<div class=\"elementor-widget-container\">\n\t\t\t\t\t\t\t\t\t\t\t\t\t\t\t<img decoding=\"async\" width=\"500\" height=\"500\" src=\"https:\/\/ricasway.com\/wp-content\/uploads\/2024\/02\/icono-customers-focus.png\" class=\"attachment-full size-full wp-image-1291\" alt=\"\" srcset=\"https:\/\/ricasway.com\/wp-content\/uploads\/2024\/02\/icono-customers-focus.png 500w, https:\/\/ricasway.com\/wp-content\/uploads\/2024\/02\/icono-customers-focus-300x300.png 300w, https:\/\/ricasway.com\/wp-content\/uploads\/2024\/02\/icono-customers-focus-150x150.png 150w\" sizes=\"(max-width: 500px) 100vw, 500px\" \/>\t\t\t\t\t\t\t\t\t\t\t\t\t\t\t<\/div>\n\t\t\t\t<\/div>\n\t\t\t\t<div class=\"elementor-element elementor-element-2c55548 elementor-widget elementor-widget-heading\" data-id=\"2c55548\" data-element_type=\"widget\" data-e-type=\"widget\" data-widget_type=\"heading.default\">\n\t\t\t\t<div class=\"elementor-widget-container\">\n\t\t\t\t\t<h3 class=\"elementor-heading-title elementor-size-default\">Orientaci\u00f3n al cliente<\/h3>\t\t\t\t<\/div>\n\t\t\t\t<\/div>\n\t\t\t\t<div class=\"elementor-element elementor-element-b8ebeb1 elementor-widget elementor-widget-heading\" data-id=\"b8ebeb1\" data-element_type=\"widget\" data-e-type=\"widget\" data-widget_type=\"heading.default\">\n\t\t\t\t<div class=\"elementor-widget-container\">\n\t\t\t\t\t<p class=\"elementor-heading-title elementor-size-default\">Nuestro prop\u00f3sito. La satisfacci\u00f3n del cliente y el consumidor est\u00e1n en el centro de todas nuestras decisiones.<\/p>\t\t\t\t<\/div>\n\t\t\t\t<\/div>\n\t\t\t\t<\/div>\n\t\t<div data-particle_enable=\"false\" data-particle-mobile-disabled=\"false\" class=\"elementor-element elementor-element-6ec635f e-con-full e-flex e-con e-child\" data-id=\"6ec635f\" data-element_type=\"container\" data-e-type=\"container\">\n\t\t\t\t<div class=\"elementor-element elementor-element-555ae48 elementor-widget elementor-widget-image\" data-id=\"555ae48\" data-element_type=\"widget\" data-e-type=\"widget\" data-widget_type=\"image.default\">\n\t\t\t\t<div class=\"elementor-widget-container\">\n\t\t\t\t\t\t\t\t\t\t\t\t\t\t\t<img loading=\"lazy\" decoding=\"async\" width=\"500\" height=\"500\" src=\"https:\/\/ricasway.com\/wp-content\/uploads\/2024\/02\/icono-results.png\" class=\"attachment-full size-full wp-image-1295\" alt=\"\" srcset=\"https:\/\/ricasway.com\/wp-content\/uploads\/2024\/02\/icono-results.png 500w, https:\/\/ricasway.com\/wp-content\/uploads\/2024\/02\/icono-results-300x300.png 300w, https:\/\/ricasway.com\/wp-content\/uploads\/2024\/02\/icono-results-150x150.png 150w\" sizes=\"(max-width: 500px) 100vw, 500px\" \/>\t\t\t\t\t\t\t\t\t\t\t\t\t\t\t<\/div>\n\t\t\t\t<\/div>\n\t\t\t\t<div class=\"elementor-element elementor-element-9e53374 elementor-widget elementor-widget-heading\" data-id=\"9e53374\" data-element_type=\"widget\" data-e-type=\"widget\" data-widget_type=\"heading.default\">\n\t\t\t\t<div class=\"elementor-widget-container\">\n\t\t\t\t\t<h3 class=\"elementor-heading-title elementor-size-default\">Orientaci\u00f3n a los resultados<\/h3>\t\t\t\t<\/div>\n\t\t\t\t<\/div>\n\t\t\t\t<div class=\"elementor-element elementor-element-c1b3265 elementor-widget elementor-widget-heading\" data-id=\"c1b3265\" data-element_type=\"widget\" data-e-type=\"widget\" data-widget_type=\"heading.default\">\n\t\t\t\t<div class=\"elementor-widget-container\">\n\t\t\t\t\t<p class=\"elementor-heading-title elementor-size-default\">Nos centramos en la acci\u00f3n. Trabajar en lo importante y actuar con eficacia.<\/p>\t\t\t\t<\/div>\n\t\t\t\t<\/div>\n\t\t\t\t<\/div>\n\t\t<div data-particle_enable=\"false\" data-particle-mobile-disabled=\"false\" class=\"elementor-element elementor-element-70b3c18 e-con-full e-flex e-con e-child\" data-id=\"70b3c18\" data-element_type=\"container\" data-e-type=\"container\">\n\t\t\t\t<div class=\"elementor-element elementor-element-62e2931 elementor-widget elementor-widget-image\" data-id=\"62e2931\" data-element_type=\"widget\" data-e-type=\"widget\" data-widget_type=\"image.default\">\n\t\t\t\t<div class=\"elementor-widget-container\">\n\t\t\t\t\t\t\t\t\t\t\t\t\t\t\t<img loading=\"lazy\" decoding=\"async\" width=\"500\" height=\"500\" src=\"https:\/\/ricasway.com\/wp-content\/uploads\/2024\/02\/icono-positive.png\" class=\"attachment-full size-full wp-image-1299\" alt=\"\" srcset=\"https:\/\/ricasway.com\/wp-content\/uploads\/2024\/02\/icono-positive.png 500w, https:\/\/ricasway.com\/wp-content\/uploads\/2024\/02\/icono-positive-300x300.png 300w, https:\/\/ricasway.com\/wp-content\/uploads\/2024\/02\/icono-positive-150x150.png 150w\" sizes=\"(max-width: 500px) 100vw, 500px\" \/>\t\t\t\t\t\t\t\t\t\t\t\t\t\t\t<\/div>\n\t\t\t\t<\/div>\n\t\t\t\t<div class=\"elementor-element elementor-element-f0b853c elementor-widget elementor-widget-heading\" data-id=\"f0b853c\" data-element_type=\"widget\" data-e-type=\"widget\" data-widget_type=\"heading.default\">\n\t\t\t\t<div class=\"elementor-widget-container\">\n\t\t\t\t\t<h3 class=\"elementor-heading-title elementor-size-default\">Actitud positiva<\/h3>\t\t\t\t<\/div>\n\t\t\t\t<\/div>\n\t\t\t\t<div class=\"elementor-element elementor-element-e84028f elementor-widget elementor-widget-heading\" data-id=\"e84028f\" data-element_type=\"widget\" data-e-type=\"widget\" data-widget_type=\"heading.default\">\n\t\t\t\t<div class=\"elementor-widget-container\">\n\t\t\t\t\t<p class=\"elementor-heading-title elementor-size-default\">Es nuestra forma de ver el mundo. Convertimos los problemas en oportunidades y vemos las cosas con optimismo y entusiasmo, transmitiendo nuestra pasi\u00f3n.<\/p>\t\t\t\t<\/div>\n\t\t\t\t<\/div>\n\t\t\t\t<\/div>\n\t\t<div data-particle_enable=\"false\" data-particle-mobile-disabled=\"false\" class=\"elementor-element elementor-element-87aab15 e-con-full e-flex e-con e-child\" data-id=\"87aab15\" data-element_type=\"container\" data-e-type=\"container\">\n\t\t\t\t<div class=\"elementor-element elementor-element-656fd94 elementor-widget elementor-widget-image\" data-id=\"656fd94\" data-element_type=\"widget\" data-e-type=\"widget\" data-widget_type=\"image.default\">\n\t\t\t\t<div class=\"elementor-widget-container\">\n\t\t\t\t\t\t\t\t\t\t\t\t\t\t\t<img loading=\"lazy\" decoding=\"async\" width=\"500\" height=\"500\" src=\"https:\/\/ricasway.com\/wp-content\/uploads\/2024\/02\/icono-commitment.png\" class=\"attachment-full size-full wp-image-1303\" alt=\"\" srcset=\"https:\/\/ricasway.com\/wp-content\/uploads\/2024\/02\/icono-commitment.png 500w, https:\/\/ricasway.com\/wp-content\/uploads\/2024\/02\/icono-commitment-300x300.png 300w, https:\/\/ricasway.com\/wp-content\/uploads\/2024\/02\/icono-commitment-150x150.png 150w\" sizes=\"(max-width: 500px) 100vw, 500px\" \/>\t\t\t\t\t\t\t\t\t\t\t\t\t\t\t<\/div>\n\t\t\t\t<\/div>\n\t\t\t\t<div class=\"elementor-element elementor-element-4c1fbf5 elementor-widget elementor-widget-heading\" data-id=\"4c1fbf5\" data-element_type=\"widget\" data-e-type=\"widget\" data-widget_type=\"heading.default\">\n\t\t\t\t<div class=\"elementor-widget-container\">\n\t\t\t\t\t<h3 class=\"elementor-heading-title elementor-size-default\">Compromiso<\/h3>\t\t\t\t<\/div>\n\t\t\t\t<\/div>\n\t\t\t\t<div class=\"elementor-element elementor-element-2918cc0 elementor-widget elementor-widget-heading\" data-id=\"2918cc0\" data-element_type=\"widget\" data-e-type=\"widget\" data-widget_type=\"heading.default\">\n\t\t\t\t<div class=\"elementor-widget-container\">\n\t\t\t\t\t<p class=\"elementor-heading-title elementor-size-default\">Es la forma en que nos sentimos. Nos implicamos, confiamos, asumimos responsabilidades y empatizamos.<\/p>\t\t\t\t<\/div>\n\t\t\t\t<\/div>\n\t\t\t\t<\/div>\n\t\t\t\t\t<\/div>\n\t\t\t\t<\/div>\n\t\t<div data-particle_enable=\"false\" data-particle-mobile-disabled=\"false\" class=\"elementor-element elementor-element-7a6745f e-flex e-con-boxed e-con e-parent\" data-id=\"7a6745f\" data-element_type=\"container\" data-e-type=\"container\" data-settings=\"{&quot;background_background&quot;:&quot;classic&quot;}\">\n\t\t\t\t\t<div class=\"e-con-inner\">\n\t\t<div data-particle_enable=\"false\" data-particle-mobile-disabled=\"false\" class=\"elementor-element elementor-element-f0d6bcc e-con-full e-flex e-con e-child\" data-id=\"f0d6bcc\" data-element_type=\"container\" data-e-type=\"container\">\n\t\t\t\t<\/div>\n\t\t<div data-particle_enable=\"false\" data-particle-mobile-disabled=\"false\" class=\"elementor-element elementor-element-8b24580 e-con-full e-flex e-con e-child\" data-id=\"8b24580\" data-element_type=\"container\" data-e-type=\"container\">\n\t\t\t\t<div class=\"elementor-element elementor-element-8bee69f elementor-widget elementor-widget-image\" data-id=\"8bee69f\" data-element_type=\"widget\" data-e-type=\"widget\" data-widget_type=\"image.default\">\n\t\t\t\t<div class=\"elementor-widget-container\">\n\t\t\t\t\t\t\t\t\t\t\t\t\t\t\t<img fetchpriority=\"high\" decoding=\"async\" width=\"1000\" height=\"797\" src=\"https:\/\/ricasway.com\/wp-content\/uploads\/2024\/01\/logo-ricas-texto.png\" class=\"attachment-full size-full wp-image-282\" alt=\"Logo Ricas Way\" srcset=\"https:\/\/ricasway.com\/wp-content\/uploads\/2024\/01\/logo-ricas-texto.png 1000w, https:\/\/ricasway.com\/wp-content\/uploads\/2024\/01\/logo-ricas-texto-300x239.png 300w, https:\/\/ricasway.com\/wp-content\/uploads\/2024\/01\/logo-ricas-texto-768x612.png 768w\" sizes=\"(max-width: 1000px) 100vw, 1000px\" \/>\t\t\t\t\t\t\t\t\t\t\t\t\t\t\t<\/div>\n\t\t\t\t<\/div>\n\t\t\t\t<\/div>\n\t\t\t\t\t<\/div>\n\t\t\t\t<\/div>\n\t\t\t\t<\/div>","protected":false},"excerpt":{"rendered":"<p>Business Approach Our business model revolves around fostering enduring relationships with our customers. It&#8217;s imperative for us to not only listen to their needs but also surpass their expectations. Our adaptability as manufacturers empowers us to tailor products, flavors, and formats to our customers&#8217; unique requirements and business specifications. Should you require customization for your [&hellip;]<\/p>\n","protected":false},"author":1,"featured_media":0,"parent":0,"menu_order":0,"comment_status":"closed","ping_status":"closed","template":"","meta":{"footnotes":""},"class_list":["post-1256","page","type-page","status-publish","hentry"],"_links":{"self":[{"href":"https:\/\/ricasway.com\/es\/wp-json\/wp\/v2\/pages\/1256","targetHints":{"allow":["GET"]}}],"collection":[{"href":"https:\/\/ricasway.com\/es\/wp-json\/wp\/v2\/pages"}],"about":[{"href":"https:\/\/ricasway.com\/es\/wp-json\/wp\/v2\/types\/page"}],"author":[{"embeddable":true,"href":"https:\/\/ricasway.com\/es\/wp-json\/wp\/v2\/users\/1"}],"replies":[{"embeddable":true,"href":"https:\/\/ricasway.com\/es\/wp-json\/wp\/v2\/comments?post=1256"}],"version-history":[{"count":73,"href":"https:\/\/ricasway.com\/es\/wp-json\/wp\/v2\/pages\/1256\/revisions"}],"predecessor-version":[{"id":2591,"href":"https:\/\/ricasway.com\/es\/wp-json\/wp\/v2\/pages\/1256\/revisions\/2591"}],"wp:attachment":[{"href":"https:\/\/ricasway.com\/es\/wp-json\/wp\/v2\/media?parent=1256"}],"curies":[{"name":"wp","href":"https:\/\/api.w.org\/{rel}","templated":true}]}}